{"id":9953,"date":"2025-05-10T20:25:55","date_gmt":"2025-05-10T18:25:55","guid":{"rendered":"https:\/\/dev.best-of-magazin.com\/?page_id=9953"},"modified":"2025-05-24T10:32:47","modified_gmt":"2025-05-24T08:32:47","slug":"impressum","status":"publish","type":"page","link":"https:\/\/www.best-of-magazin.com\/en\/impressum\/","title":{"rendered":"Impressum"},"content":{"rendered":"<div data-elementor-type=\"wp-page\" data-elementor-id=\"9953\" class=\"elementor elementor-9953\">\n\t\t\t\t<div class=\"elementor-element elementor-element-188bdb1 e-flex e-con-boxed e-con e-parent\" data-id=\"188bdb1\" data-element_type=\"container\" data-e-type=\"container\">\n\t\t\t\t\t<div class=\"e-con-inner\">\n\t\t\t\t<div class=\"elementor-element elementor-element-f677090 elementor-widget elementor-widget-heading\" data-id=\"f677090\" data-element_type=\"widget\" data-e-type=\"widget\" data-widget_type=\"heading.default\">\n\t\t\t\t<div class=\"elementor-widget-container\">\n\t\t\t\t\t<h1 class=\"elementor-heading-title elementor-size-default\">Imressum<\/h1>\t\t\t\t<\/div>\n\t\t\t\t<\/div>\n\t\t\t\t<div class=\"elementor-element elementor-element-31497b43 elementor-widget elementor-widget-text-editor\" data-id=\"31497b43\" data-element_type=\"widget\" data-e-type=\"widget\" data-widget_type=\"text-editor.default\">\n\t\t\t\t<div class=\"elementor-widget-container\">\n\t\t\t\t\t\t\t\t\t\n<h6 class=\"wp-block-heading\"><strong>Angaben gem\u00e4\u00df \u00a7\u202f5 Digitale\u2011Dienste\u2011Gesetz (DDG)<\/strong><\/h6>\n\n<p>BEST OF Media &amp; Communication\u00a0 UG<br \/>Freiherrenstr.\u00a07 D\u201152072\u00a0Aachen Deutschland<\/p>\n\n<p>Vertreten durch: Astrid\u00a0Scharnberg<\/p>\n<p>\u00a0Umsatzsteuer\u2011Identifikationsnummer: DE 224979333<\/p>\n\n<p>Eintragungsnummer f\u00fcr den europ\u00e4ischen Markenschutz:\u00a0Nr.\u00a0011942828<\/p>\n\n<h6 data-pm-slice=\"1 1 []\">Streitbeilegung\u00a0<\/h6>\n<p>Die EU-Kommission hat eine Internetseite zur Online-Streitbeilegung zwischen Unternehmern und Verbrauchern (OS-Plattform) eingerichtet, die Sie unter\u00a0<strong><a href=\"https:\/\/ec.europa.eu\/consumers\/odr\/main\/index.cfm?event=main.home2.show&amp;lng=DE\" target=\"_blank\" rel=\"noopener\" data-saferedirecturl=\"https:\/\/www.google.com\/url?q=https:\/\/ec.europa.eu\/consumers\/odr\/main\/index.cfm?event%3Dmain.home2.show%26lng%3DDE&amp;source=gmail&amp;ust=1747647629911000&amp;usg=AOvVaw0qLM3_tdhW3Sn8fXbunp1y\">http:\/\/ec.europa.eu\/<wbr \/>consumers\/odr\/<\/a><\/strong>\u00a0erreichen k\u00f6nnen.<\/p>\n<p>BEST OF Media&amp;Communication ist nicht verpflichtet, an einem Streitschlichtungsverfahren vor einer Verbraucherschlichtungsstelle (ADR) oder einer Online-Streitbeilegung der EU (ODR) teilzunehmen und beabsichtigt dies auch nicht zu tun.<\/p>\n<h6>HAFTUNGSAUSSCHLUSS (DISCLAIMER)<\/h6>\n\n<h6 data-pm-slice=\"1 1 []\">Haftung f\u00fcr Inhalte<\/h6>\n<p>Als Diensteanbieter sind wir gem\u00e4\u00df \u00a7\u202f7\u00a0Abs.\u202f1\u00a0DDG f\u00fcr eigene Inhalte auf diesen Seiten nach den allgemeinen Gesetzen verantwortlich. Nach \u00a7\u00a7\u202f8 bis\u202f10\u00a0DDG sind wir als Diensteanbieter jedoch nicht verpflichtet, \u00fcbermittelte oder gespeicherte fremde Informationen zu \u00fcberwachen oder nach Umst\u00e4nden zu forschen, die auf eine rechtswidrige T\u00e4tigkeit hinweisen. Verpflichtungen zur Entfernung oder Sperrung der Nutzung von Informationen nach den allgemeinen Gesetzen bleiben hiervon unber\u00fchrt. Eine diesbez\u00fcgliche Haftung ist jedoch erst ab dem Zeitpunkt der Kenntnis einer konkreten Rechtsverletzung m\u00f6glich. Bei Bekanntwerden entsprechender Rechtsverletzungen werden wir diese Inhalte umgehend entfernen.<\/p>\n<h6>Haftung f\u00fcr Links<\/h6>\n<p>Unser Angebot enth\u00e4lt Links zu externen Websites Dritter, auf deren Inhalte wir keinen Einfluss haben. Deshalb k\u00f6nnen wir f\u00fcr diese fremden Inhalte auch keine Gew\u00e4hr \u00fcbernehmen. F\u00fcr die Inhalte der verlinkten Seiten ist stets der jeweilige Anbieter oder Betreiber der Seiten verantwortlich. Die verlinkten Seiten wurden zum Zeitpunkt der Verlinkung auf m\u00f6gliche Rechtsverst\u00f6\u00dfe \u00fcberpr\u00fcft; rechtswidrige Inhalte waren zum Zeitpunkt der Verlinkung nicht erkennbar. Eine permanente inhaltliche Kontrolle der verlinkten Seiten ist jedoch ohne konkrete Anhaltspunkte einer Rechtsverletzung nicht zumutbar. Bei Bekanntwerden von Rechtsverletzungen werden wir derartige Links umgehend entfernen.<\/p>\n<p><strong>Wenn Sie uns auf Facebook, Instagram u. auf anderen Social-Media-Plattformen dritter Dienstleister folgen<\/strong><\/p>\n<p>Sie haben die M\u00f6glichkeit, uns auf Facebook, Instagram und auf anderen Social Media-Plattformen dritter Dienstleister (z.B. Pinterest) zu folgen. Wir gehen hierf\u00fcr mit denjenigen personenbezogenen Daten um, die Sie uns jeweils zur Verf\u00fcgung stellen bzw. welche uns von dem jeweiligen Plattformbetreiber \u00fcber Sie zur Verf\u00fcgung gestellt werden, soweit Sie uns von solchen Dienstleistern zur Verf\u00fcgung gestellt werden. Die Einstellungen zur Privatsph\u00e4re k\u00f6nnen Sie im Rahmen einer Social Media-Plattform selbst steuern.<\/p>\n<p>\u00a0<\/p>\n<p><strong>Rechtsgrundlage hierzu<\/strong><\/p>\n<p>Die Verarbeitung Ihrer personenbezogenen Daten im Rahmen unserer Social-Media-Angebote erfolgt aufgrund unseres berechtigten Interesses. F\u00fcr die Bereitstellung unserer Social-Media-Angebote ist es technisch notwendig, dass wir bestimmte personenbezogene Daten verarbeiten (z.B. IP-Adresse, personenbezogene Daten, die Sie dem jeweiligen Plattformbetreiber bzw. uns zur Verf\u00fcgung gestellt haben).<\/p>\n<p><strong>Interessenabw\u00e4gung<\/strong><\/p>\n<p>Im Rahmen der erforderlichen Interessenabw\u00e4gungen haben wir Ihr Vertraulichkeitsinteresse und unsere Interessen an der Bereitstellung unserer Social-Media-Angebote jeweils miteinander abgewogen. Ihr Interesse an der Geheimhaltung tritt dabei zur\u00fcck. Wir k\u00f6nnten Ihnen gegen\u00fcber andernfalls unserer Social-Media-Angebote nicht anbieten. Zudem m\u00fcssen Sie vern\u00fcnftigerweise damit rechnen, dass bei einer Nutzung von Facebook, Instagram und anderen Social-Media-Plattformen personenbezogene Daten verarbeitet werden.\u00a0<\/p>\n<p>\u00a0<\/p>\n<p><strong>Urheberrecht<\/strong><\/p>\n<p>Die durch die Seitenbetreiber erstellten Inhalte und Werke auf diesen Seiten unterliegen dem deutschen Urheberrecht. Die Vervielf\u00e4ltigung, Bearbeitung, Verbreitung und jede Art der Verwertung au\u00dferhalb der Grenzen des Urheberrechtes bed\u00fcrfen der schriftlichen Zustimmung des jeweiligen Autors bzw. Erstellers. Downloads und Kopien dieser Seite sind nur f\u00fcr den privaten, nicht kommerziellen Gebrauch gestattet. Soweit die Inhalte auf dieser Seite nicht vom Betreiber erstellt wurden, werden die Urheberrechte Dritter beachtet. Insbesondere werden Inhalte Dritter als solche gekennzeichnet. Sollten Sie trotzdem auf eine Urheberrechtsverletzung aufmerksam werden, bitten wir um einen entsprechenden Hinweis. Bei Bekanntwerden von Rechtsverletzungen werden wir derartige Inhalte umgehend entfernen.\u00a0<\/p>\n<h6>Bildrechte<\/h6>\n<p>Niels G.M.J.Deijkers: www.butlerschool.com<\/p>\n<p>Oliver Schuh: www.palladium.de<\/p>\n<p>Sascha Gast: <strong><a href=\"http:\/\/www.saschagast.de\/\" target=\"_blank\" rel=\"noopener\" data-saferedirecturl=\"https:\/\/www.google.com\/url?q=http:\/\/www.saschagast.de\/&amp;source=gmail&amp;ust=1747647629911000&amp;usg=AOvVaw0LIY1QEhyBzIVi6qP2hwd8\">www.saschagast.de<\/a><\/strong><\/p>\n<p>Jones-Art:<strong>\u00a0<a href=\"http:\/\/www.jones-art.com\/\" target=\"_blank\" rel=\"noreferrer noopener\" data-saferedirecturl=\"https:\/\/www.google.com\/url?q=http:\/\/www.jones-art.com\/&amp;source=gmail&amp;ust=1747647629911000&amp;usg=AOvVaw3Yux5wXwLjliApwxemOzlA\">www.jones-art.com<\/a><\/strong><\/p>\n<p>Andrej Kleer:<strong>\u00a0<a href=\"http:\/\/www.foto-kleer.de\/\" target=\"_blank\" rel=\"noreferrer noopener\" data-saferedirecturl=\"https:\/\/www.google.com\/url?q=http:\/\/www.foto-kleer.de\/&amp;source=gmail&amp;ust=1747647629911000&amp;usg=AOvVaw3BcQsTwk6mEfwSMrvR4W4V\">www.foto-kleer.de<\/a><\/strong><\/p>\n<p>Alicia Kassebohm:\u00a0<a href=\"http:\/\/jagdfeld-design.com\/\" target=\"_blank\" rel=\"noreferrer noopener\" data-saferedirecturl=\"https:\/\/www.google.com\/url?q=http:\/\/jagdfeld-design.com\/&amp;source=gmail&amp;ust=1747647629911000&amp;usg=AOvVaw1gyd3miTFgdR5nHmZMSN85\"><strong>Jagdfeld-Design.com<\/strong><\/a><\/p>\n<p>Madame G\u00e2teaux:\u00a0<strong><a href=\"https:\/\/www.madame-gateaux.de\/de\/\" target=\"_blank\" rel=\"noopener\" data-saferedirecturl=\"https:\/\/www.google.com\/url?q=https:\/\/www.madame-gateaux.de\/de\/&amp;source=gmail&amp;ust=1747647629911000&amp;usg=AOvVaw2Lc0_CDn7if1Y0-aNIvWaE\">Madame G\u00e2teaux<\/a><\/strong><\/p>\n<p>Blumen de Clercq:\u00a0<strong><a href=\"https:\/\/www.blumen-de-clercq.de\/\" target=\"_blank\" rel=\"noopener\" data-saferedirecturl=\"https:\/\/www.google.com\/url?q=https:\/\/www.blumen-de-clercq.de\/&amp;source=gmail&amp;ust=1747647629911000&amp;usg=AOvVaw2y7j-hzWIYWSQ9R7teD4w7\">Blumen de Clercq<\/a><\/strong><\/p>\n<p>Foto Angebote:\u00a0<strong><a href=\"https:\/\/www.pexels.com\/de-de\/@cottonbro\" target=\"_blank\" rel=\"noreferrer noopener\" data-saferedirecturl=\"https:\/\/www.google.com\/url?q=https:\/\/www.pexels.com\/de-de\/@cottonbro&amp;source=gmail&amp;ust=1747647629911000&amp;usg=AOvVaw2s9c8cqi8Of8rW00lN5pTS\">cottonbro von Pexels<\/a><\/strong><\/p>\n<p>ats:\u00a0<strong><a href=\"http:\/\/www.aachen-tourismus.de\/\" target=\"_blank\" rel=\"noopener\" data-saferedirecturl=\"https:\/\/www.google.com\/url?q=http:\/\/www.aachen-tourismus.de\/&amp;source=gmail&amp;ust=1747647629911000&amp;usg=AOvVaw1c8geDxvpHxqXhoNSORYlg\">www.aachen-tourismus.de<\/a><\/strong><\/p>\n<p>maasmechelen village:<strong>\u00a0<a href=\"http:\/\/www.maasmechelenvillage.com\/de\" target=\"_blank\" rel=\"noopener\" data-saferedirecturl=\"https:\/\/www.google.com\/url?q=http:\/\/www.maasmechelenvillage.com\/de&amp;source=gmail&amp;ust=1747647629911000&amp;usg=AOvVaw0Aw6bKVJYnfUrB7GyVOYlF\">www.<wbr \/>maasmechelenvillage.com\/de<\/a><\/strong><\/p>\n<p>Mosa Meat press kit:<strong><a href=\"https:\/\/mosameat.com\/press-kit\" target=\"_blank\" rel=\"noopener\"> www.mosameat.com\/press-kit<\/a><\/strong><\/p>\n<p>unsplash: <strong><a href=\"https:\/\/unsplash.com\/\" target=\"_blank\" rel=\"noopener\">www.unsplash.com\/\u00a0<\/a><\/strong><\/p>\n<p>pixabay:<strong>\u00a0<a href=\"http:\/\/www.pixabay.de\/\" target=\"_blank\" rel=\"noopener\" data-saferedirecturl=\"https:\/\/www.google.com\/url?q=http:\/\/www.pixabay.de\/&amp;source=gmail&amp;ust=1747647629911000&amp;usg=AOvVaw2ELxAVNX6-_ku_RuNir753\">www.pixabay.de<\/a><\/strong><\/p>\n<p>canva:\u00a0<strong><a href=\"http:\/\/www.canva.com\/\" target=\"_blank\" rel=\"noopener\" data-saferedirecturl=\"https:\/\/www.google.com\/url?q=http:\/\/www.canva.com\/&amp;source=gmail&amp;ust=1747647629911000&amp;usg=AOvVaw0E_ZanvgT08GB7YQG9Knod\">www.canva.com<\/a><\/strong><\/p>\n<p>istock:\u00a0<strong><a href=\"http:\/\/www.istockphoto.com\/\" target=\"_blank\" rel=\"noopener\" data-saferedirecturl=\"https:\/\/www.google.com\/url?q=http:\/\/www.istockphoto.com\/&amp;source=gmail&amp;ust=1747647629911000&amp;usg=AOvVaw0e8L9EWExAg7k_O37pC-Ur\">www.istockphoto.com<\/a><\/strong><\/p>\n<p>adobe stock:<strong>\u00a0<a href=\"http:\/\/www.stock.adobe.com\/\" target=\"_blank\" rel=\"noopener\" data-saferedirecturl=\"https:\/\/www.google.com\/url?q=http:\/\/www.stock.adobe.com\/&amp;source=gmail&amp;ust=1747647629911000&amp;usg=AOvVaw3or5MhLReb-zZ0XGnBHTNa\">www.stock.adobe.com<\/a><\/strong><\/p>\t\t\t\t\t\t\t\t<\/div>\n\t\t\t\t<\/div>\n\t\t\t\t\t<\/div>\n\t\t\t\t<\/div>\n\t\t\t\t<\/div>","protected":false},"excerpt":{"rendered":"<p>Imressum Angaben gem\u00e4\u00df \u00a7\u202f5 Digitale\u2011Dienste\u2011Gesetz (DDG) BEST OF Media &amp; Communication\u00a0 UGFreiherrenstr.\u00a07 D\u201152072\u00a0Aachen Deutschland Vertreten durch: Astrid\u00a0Scharnberg \u00a0Umsatzsteuer\u2011Identifikationsnummer: DE 224979333 Eintragungsnummer f\u00fcr den europ\u00e4ischen Markenschutz:\u00a0Nr.\u00a0011942828 Streitbeilegung\u00a0 Die EU-Kommission hat eine Internetseite zur Online-Streitbeilegung zwischen Unternehmern und Verbrauchern (OS-Plattform) eingerichtet, die Sie unter\u00a0http:\/\/ec.europa.eu\/consumers\/odr\/\u00a0erreichen k\u00f6nnen. BEST OF Media&amp;Communication ist nicht verpflichtet, an einem Streitschlichtungsverfahren vor einer Verbraucherschlichtungsstelle [&hellip;]<\/p>\n","protected":false},"author":3,"featured_media":0,"parent":0,"menu_order":0,"comment_status":"closed","ping_status":"closed","template":"","meta":{"jetpack_post_was_ever_published":false,"footnotes":""},"class_list":["post-9953","page","type-page","status-publish","hentry"],"jetpack_shortlink":"https:\/\/wp.me\/P4jLqp-2Ax","jetpack_sharing_enabled":true,"_links":{"self":[{"href":"https:\/\/www.best-of-magazin.com\/en\/wp-json\/wp\/v2\/pages\/9953","targetHints":{"allow":["GET"]}}],"collection":[{"href":"https:\/\/www.best-of-magazin.com\/en\/wp-json\/wp\/v2\/pages"}],"about":[{"href":"https:\/\/www.best-of-magazin.com\/en\/wp-json\/wp\/v2\/types\/page"}],"author":[{"embeddable":true,"href":"https:\/\/www.best-of-magazin.com\/en\/wp-json\/wp\/v2\/users\/3"}],"replies":[{"embeddable":true,"href":"https:\/\/www.best-of-magazin.com\/en\/wp-json\/wp\/v2\/comments?post=9953"}],"version-history":[{"count":16,"href":"https:\/\/www.best-of-magazin.com\/en\/wp-json\/wp\/v2\/pages\/9953\/revisions"}],"predecessor-version":[{"id":12117,"href":"https:\/\/www.best-of-magazin.com\/en\/wp-json\/wp\/v2\/pages\/9953\/revisions\/12117"}],"wp:attachment":[{"href":"https:\/\/www.best-of-magazin.com\/en\/wp-json\/wp\/v2\/media?parent=9953"}],"curies":[{"name":"wp","href":"https:\/\/api.w.org\/{rel}","templated":true}]}}