{"id":10563,"date":"2025-05-11T15:48:57","date_gmt":"2025-05-11T13:48:57","guid":{"rendered":"https:\/\/dev.best-of-magazin.com\/?page_id=10563"},"modified":"2025-10-11T22:30:38","modified_gmt":"2025-10-11T20:30:38","slug":"ueber-unser-magazin","status":"publish","type":"page","link":"https:\/\/www.best-of-magazin.com\/en\/ueber-unser-magazin\/","title":{"rendered":"\u00dcber unser Magazin"},"content":{"rendered":"<div data-elementor-type=\"wp-page\" data-elementor-id=\"10563\" class=\"elementor elementor-10563\">\n\t\t\t\t<div class=\"elementor-element elementor-element-1e1d1652 e-flex e-con-boxed e-con e-parent\" data-id=\"1e1d1652\" data-element_type=\"container\" data-e-type=\"container\">\n\t\t\t\t\t<div class=\"e-con-inner\">\n\t\t\t\t<div class=\"elementor-element elementor-element-ce2b120 elementor-widget elementor-widget-heading\" data-id=\"ce2b120\" data-element_type=\"widget\" data-e-type=\"widget\" data-widget_type=\"heading.default\">\n\t\t\t\t<div class=\"elementor-widget-container\">\n\t\t\t\t\t<h1 class=\"elementor-heading-title elementor-size-default\">Dein BEST OF der Euregio Maas-Rhein<\/h1>\t\t\t\t<\/div>\n\t\t\t\t<\/div>\n\t\t\t\t<div class=\"elementor-element elementor-element-2378cac3 elementor-widget elementor-widget-text-editor\" data-id=\"2378cac3\" data-element_type=\"widget\" data-e-type=\"widget\" data-widget_type=\"text-editor.default\">\n\t\t\t\t<div class=\"elementor-widget-container\">\n\t\t\t\t\t\t\t\t\t<h3>Erleben. Genie\u00dfen. Staunen.<\/h3><p>Willkommen auf der Plattform, die dir die Highlights unserer einzigartigen Grenzregion <strong><em>von Aachen \u00fcber Maastricht, L\u00fcttich und Hasselt bis zur\u00fcck nach Eupen<\/em><\/strong> zeigt.<\/p><p>Alles in der <strong><em>Euregio Maas-Rhein<\/em><\/strong>\u2013 und das nicht nur zum <strong><em>Leben und Arbeiten<\/em><\/strong>, sondern auch als faszinierende <strong><em>Urlaubs- und Genussregion <\/em><\/strong>mitten in Europa.<\/p><p>Ob sportliche Spitzenmomente, mitrei\u00dfende Konzerte, kulturelle H\u00f6hepunkte oder kulinarische Entdeckungen \u2013 hier findest du alles, was dein Leben in der EMR bereichert.<\/p><h6>Unser Versprechen:<\/h6><ul><li><strong><span style=\"color: #9e804f!important;\">Sport<\/span><\/strong>, der dich mitrei\u00dft<\/li><li><strong><span style=\"color: #9e804f!important;\">Musik<\/span><\/strong>, die ber\u00fchrt<\/li><li><strong><span style=\"color: #9e804f!important;\">Kultur<\/span><\/strong>, die inspiriert<\/li><li><strong><span style=\"color: #9e804f!important;\">Genuss<\/span><\/strong>, der auf der Zunge bleibt<\/li><\/ul><h6>Alles in der Euregio Maas-Rhein<\/h6><p>F\u00fcr Neuank\u00f6mmlinge, Grenzg\u00e4nger, Studierende, G\u00e4ste und alle, die das Beste aus dieser einzigartigen Region erleben wollen.<\/p>\t\t\t\t\t\t\t\t<\/div>\n\t\t\t\t<\/div>\n\t\t\t\t\t<\/div>\n\t\t\t\t<\/div>\n\t\t\t\t<\/div>","protected":false},"excerpt":{"rendered":"<p>Dein BEST OF der Euregio Maas-Rhein Erleben. Genie\u00dfen. Staunen. Willkommen auf der Plattform, die dir die Highlights unserer einzigartigen Grenzregion von Aachen \u00fcber Maastricht, L\u00fcttich und Hasselt bis zur\u00fcck nach Eupen zeigt. Alles in der Euregio Maas-Rhein\u2013 und das nicht nur zum Leben und Arbeiten, sondern auch als faszinierende Urlaubs- und Genussregion mitten in Europa. [&hellip;]<\/p>\n","protected":false},"author":3,"featured_media":0,"parent":0,"menu_order":0,"comment_status":"closed","ping_status":"closed","template":"","meta":{"jetpack_post_was_ever_published":false,"footnotes":""},"class_list":["post-10563","page","type-page","status-publish","hentry"],"jetpack_shortlink":"https:\/\/wp.me\/P4jLqp-2Kn","jetpack_sharing_enabled":true,"_links":{"self":[{"href":"https:\/\/www.best-of-magazin.com\/en\/wp-json\/wp\/v2\/pages\/10563","targetHints":{"allow":["GET"]}}],"collection":[{"href":"https:\/\/www.best-of-magazin.com\/en\/wp-json\/wp\/v2\/pages"}],"about":[{"href":"https:\/\/www.best-of-magazin.com\/en\/wp-json\/wp\/v2\/types\/page"}],"author":[{"embeddable":true,"href":"https:\/\/www.best-of-magazin.com\/en\/wp-json\/wp\/v2\/users\/3"}],"replies":[{"embeddable":true,"href":"https:\/\/www.best-of-magazin.com\/en\/wp-json\/wp\/v2\/comments?post=10563"}],"version-history":[{"count":34,"href":"https:\/\/www.best-of-magazin.com\/en\/wp-json\/wp\/v2\/pages\/10563\/revisions"}],"predecessor-version":[{"id":18358,"href":"https:\/\/www.best-of-magazin.com\/en\/wp-json\/wp\/v2\/pages\/10563\/revisions\/18358"}],"wp:attachment":[{"href":"https:\/\/www.best-of-magazin.com\/en\/wp-json\/wp\/v2\/media?parent=10563"}],"curies":[{"name":"wp","href":"https:\/\/api.w.org\/{rel}","templated":true}]}}